{"id":8703,"date":"2021-06-03T14:09:05","date_gmt":"2021-06-03T18:09:05","guid":{"rendered":"https:\/\/douleurquebec.ca\/nos-services\/ligne-dentraide\/"},"modified":"2025-02-14T10:32:33","modified_gmt":"2025-02-14T15:32:33","slug":"helpline","status":"publish","type":"page","link":"https:\/\/douleurquebec.ca\/en\/our-services\/helpline\/","title":{"rendered":"Helpline"},"content":{"rendered":"\t\t<div data-elementor-type=\"wp-page\" data-elementor-id=\"8703\" class=\"elementor elementor-8703 elementor-259\" data-elementor-post-type=\"page\">\n\t\t\t\t\t\t<section class=\"elementor-section elementor-top-section elementor-element elementor-element-dd32309 elementor-section-stretched elementor-section-boxed elementor-section-height-default elementor-section-height-default\" data-id=\"dd32309\" data-element_type=\"section\" data-e-type=\"section\" data-settings=\"{&quot;stretch_section&quot;:&quot;section-stretched&quot;,&quot;background_background&quot;:&quot;classic&quot;}\">\n\t\t\t\t\t\t<div class=\"elementor-container elementor-column-gap-default\">\n\t\t\t\t\t<div class=\"elementor-column elementor-col-100 elementor-top-column elementor-element elementor-element-57d8cf7\" data-id=\"57d8cf7\" data-element_type=\"column\" data-e-type=\"column\" data-settings=\"{&quot;background_background&quot;:&quot;classic&quot;}\">\n\t\t\t<div class=\"elementor-widget-wrap elementor-element-populated\">\n\t\t\t\t\t\t\t<\/div>\n\t\t<\/div>\n\t\t\t\t\t<\/div>\n\t\t<\/section>\n\t\t\t\t<section class=\"elementor-section elementor-top-section elementor-element elementor-element-4a368011 elementor-section-boxed elementor-section-height-default elementor-section-height-default\" data-id=\"4a368011\" data-element_type=\"section\" data-e-type=\"section\" data-settings=\"{&quot;background_background&quot;:&quot;classic&quot;}\">\n\t\t\t\t\t\t<div class=\"elementor-container elementor-column-gap-default\">\n\t\t\t\t\t<div class=\"elementor-column elementor-col-100 elementor-top-column elementor-element elementor-element-112e35a8\" data-id=\"112e35a8\" data-element_type=\"column\" data-e-type=\"column\">\n\t\t\t<div class=\"elementor-widget-wrap elementor-element-populated\">\n\t\t\t\t\t\t<div class=\"elementor-element elementor-element-3e70849a elementor-widget elementor-widget-heading\" data-id=\"3e70849a\" data-element_type=\"widget\" data-e-type=\"widget\" data-widget_type=\"heading.default\">\n\t\t\t\t<div class=\"elementor-widget-container\">\n\t\t\t\t\t<h2 class=\"elementor-heading-title elementor-size-default\">Pour les patients qui vivent avec de la douleur chronique.<\/h2>\t\t\t\t<\/div>\n\t\t\t\t<\/div>\n\t\t\t\t\t<\/div>\n\t\t<\/div>\n\t\t\t\t\t<\/div>\n\t\t<\/section>\n\t\t\t\t<section class=\"elementor-section elementor-top-section elementor-element elementor-element-32f57bc4 elementor-section-boxed elementor-section-height-default elementor-section-height-default\" data-id=\"32f57bc4\" data-element_type=\"section\" data-e-type=\"section\" data-settings=\"{&quot;background_background&quot;:&quot;classic&quot;}\">\n\t\t\t\t\t\t<div class=\"elementor-container elementor-column-gap-wider\">\n\t\t\t\t\t<div class=\"elementor-column elementor-col-50 elementor-top-column elementor-element elementor-element-7585585\" data-id=\"7585585\" data-element_type=\"column\" data-e-type=\"column\">\n\t\t\t<div class=\"elementor-widget-wrap elementor-element-populated\">\n\t\t\t\t\t\t<div class=\"elementor-element elementor-element-403d342 elementor-widget elementor-widget-heading\" data-id=\"403d342\" data-element_type=\"widget\" data-e-type=\"widget\" data-widget_type=\"heading.default\">\n\t\t\t\t<div class=\"elementor-widget-container\">\n\t\t\t\t\t<h4 class=\"elementor-heading-title elementor-size-default\">La douleur fait-elle partie de votre quotidien?<\/h4>\t\t\t\t<\/div>\n\t\t\t\t<\/div>\n\t\t\t\t<div class=\"elementor-element elementor-element-efeaf70 elementor-widget elementor-widget-text-editor\" data-id=\"efeaf70\" data-element_type=\"widget\" data-e-type=\"widget\" data-widget_type=\"text-editor.default\">\n\t\t\t\t<div class=\"elementor-widget-container\">\n\t\t\t\t\t\t\t\t\t<p>Vous avez besoin de parler en toute confidentialit\u00e9?<\/p><p>Vous n\u2019\u00eates plus seul, l\u2019AQDC peut vous accompagner.&nbsp;<\/p>\n<p>Pour \u00eatre encore plus proactif, une ligne d\u2019\u00e9coute et d&#8217;entraide est disponible pour vous aider \u00e0 mieux communiquer vos probl\u00e8mes de douleur. Elle est l\u00e0 si vous ressentez le besoin de parler, de vous confier ou encore si vous d\u00e9sirez avoir de l\u2019information.<\/p>\n<p>Nous savons que ce n\u2019est pas toujours facile de parler de la douleur avec nos proches, c\u2019est pourquoi nous avons cr\u00e9\u00e9 cette ligne d\u2019entraide et de soutien, pour \u00eatre plus pr\u00e8s de vous.<\/p>\n<p>Appelez-nous ou laissez-nous un message d\u00e9taill\u00e9 et un membre de notre \u00e9quipe vous rappellera.<\/p>\n<p><\/p>\t\t\t\t\t\t\t\t<\/div>\n\t\t\t\t<\/div>\n\t\t\t\t\t<\/div>\n\t\t<\/div>\n\t\t\t\t<div class=\"elementor-column elementor-col-50 elementor-top-column elementor-element elementor-element-21a27ee7\" data-id=\"21a27ee7\" data-element_type=\"column\" data-e-type=\"column\" data-settings=\"{&quot;background_background&quot;:&quot;classic&quot;}\">\n\t\t\t<div class=\"elementor-widget-wrap elementor-element-populated\">\n\t\t\t\t\t\t<div class=\"elementor-element elementor-element-4228360 elementor-widget elementor-widget-text-editor\" data-id=\"4228360\" data-element_type=\"widget\" data-e-type=\"widget\" data-widget_type=\"text-editor.default\">\n\t\t\t\t<div class=\"elementor-widget-container\">\n\t\t\t\t\t\t\t\t\t<p><strong>LIGNE D\u2019ENTRAIDE<\/strong> <br \/>1-855-DOULEUR <br \/><strong>ou<\/strong> <br \/>1.855.368.5387<\/p>\t\t\t\t\t\t\t\t<\/div>\n\t\t\t\t<\/div>\n\t\t\t\t<div class=\"elementor-element elementor-element-2f37a2c elementor-widget elementor-widget-text-editor\" data-id=\"2f37a2c\" data-element_type=\"widget\" data-e-type=\"widget\" data-widget_type=\"text-editor.default\">\n\t\t\t\t<div class=\"elementor-widget-container\">\n\t\t\t\t\t\t\t\t\t<p><strong>LA LIGNE EST DISPONIBLE <\/strong>du lundi au vendredi de <br \/><span style=\"text-decoration: underline;\">8 h 00 \u00e0 12 h 00<\/span> et de <span style=\"text-decoration: underline;\">13 h 00 \u00e0 16 h 30.<\/span> <br \/>Il s\u2019agit d\u2019un service<strong> g<\/strong><b>ratuit<\/b> et <strong>confidentiel<\/strong>.<\/p>\t\t\t\t\t\t\t\t<\/div>\n\t\t\t\t<\/div>\n\t\t\t\t\t<\/div>\n\t\t<\/div>\n\t\t\t\t\t<\/div>\n\t\t<\/section>\n\t\t\t\t<section class=\"elementor-section elementor-top-section elementor-element elementor-element-73d919ad elementor-section-boxed elementor-section-height-default elementor-section-height-default\" data-id=\"73d919ad\" data-element_type=\"section\" data-e-type=\"section\" data-settings=\"{&quot;background_background&quot;:&quot;classic&quot;}\">\n\t\t\t\t\t\t<div class=\"elementor-container elementor-column-gap-default\">\n\t\t\t\t\t<div class=\"elementor-column elementor-col-100 elementor-top-column elementor-element elementor-element-32a2438\" data-id=\"32a2438\" data-element_type=\"column\" data-e-type=\"column\" data-settings=\"{&quot;background_background&quot;:&quot;classic&quot;}\">\n\t\t\t<div class=\"elementor-widget-wrap elementor-element-populated\">\n\t\t\t\t\t\t<div class=\"elementor-element elementor-element-149112eb elementor-widget elementor-widget-heading\" data-id=\"149112eb\" data-element_type=\"widget\" data-e-type=\"widget\" data-widget_type=\"heading.default\">\n\t\t\t\t<div class=\"elementor-widget-container\">\n\t\t\t\t\t<h2 class=\"elementor-heading-title elementor-size-default\">Pour toute urgence<\/h2>\t\t\t\t<\/div>\n\t\t\t\t<\/div>\n\t\t\t\t<div class=\"elementor-element elementor-element-56b8718b elementor-widget elementor-widget-text-editor\" data-id=\"56b8718b\" data-element_type=\"widget\" data-e-type=\"widget\" data-widget_type=\"text-editor.default\">\n\t\t\t\t<div class=\"elementor-widget-container\">\n\t\t\t\t\t\t\t\t\t<p>Si vous avez des<strong> id\u00e9es suicidaires<\/strong> et que vous n\u2019arrivez pas \u00e0 nous rejoindre, communiquez imm\u00e9diatement avec l\u2019Association qu\u00e9b\u00e9coise de pr\u00e9vention du suicide au :<\/p>\t\t\t\t\t\t\t\t<\/div>\n\t\t\t\t<\/div>\n\t\t\t\t<section class=\"elementor-section elementor-inner-section elementor-element elementor-element-d4febf8 elementor-section-boxed elementor-section-height-default elementor-section-height-default\" data-id=\"d4febf8\" data-element_type=\"section\" data-e-type=\"section\">\n\t\t\t\t\t\t<div class=\"elementor-container elementor-column-gap-default\">\n\t\t\t\t\t<div class=\"elementor-column elementor-col-100 elementor-inner-column elementor-element elementor-element-7fb2914\" data-id=\"7fb2914\" data-element_type=\"column\" data-e-type=\"column\" data-settings=\"{&quot;background_background&quot;:&quot;classic&quot;}\">\n\t\t\t<div class=\"elementor-widget-wrap elementor-element-populated\">\n\t\t\t\t\t\t<div class=\"elementor-element elementor-element-a467de3 elementor-widget elementor-widget-heading\" data-id=\"a467de3\" data-element_type=\"widget\" data-e-type=\"widget\" data-widget_type=\"heading.default\">\n\t\t\t\t<div class=\"elementor-widget-container\">\n\t\t\t\t\t<h4 class=\"elementor-heading-title elementor-size-default\">1 866 APPELLE (1 866 277-3553)<\/h4>\t\t\t\t<\/div>\n\t\t\t\t<\/div>\n\t\t\t\t<div class=\"elementor-element elementor-element-1adf64f elementor-widget elementor-widget-text-editor\" data-id=\"1adf64f\" data-element_type=\"widget\" data-e-type=\"widget\" data-widget_type=\"text-editor.default\">\n\t\t\t\t<div class=\"elementor-widget-container\">\n\t\t\t\t\t\t\t\t\t<p>Les centres de pr\u00e9vention du suicide sont compos\u00e9s de professionnels, d\u2019intervenants qualifi\u00e9s et de b\u00e9n\u00e9voles form\u00e9s pour accueillir toutes les demandes d\u2019aide et r\u00e9pondre \u00e0 vos questions. De plus, ces organisations sont tr\u00e8s actives dans leur communaut\u00e9 afin de pr\u00e9venir le suicide.<\/p>\t\t\t\t\t\t\t\t<\/div>\n\t\t\t\t<\/div>\n\t\t\t\t<div class=\"elementor-element elementor-element-38415f45 elementor-align-center elementor-widget elementor-widget-button\" data-id=\"38415f45\" data-element_type=\"widget\" data-e-type=\"widget\" data-widget_type=\"button.default\">\n\t\t\t\t<div class=\"elementor-widget-container\">\n\t\t\t\t\t\t\t\t\t<div class=\"elementor-button-wrapper\">\n\t\t\t\t\t<a class=\"elementor-button elementor-button-link elementor-size-sm\" href=\"https:\/\/aqps.info\/bottin-de-ressources\/\" target=\"_blank\" rel=\"noopener\">\n\t\t\t\t\t\t<span class=\"elementor-button-content-wrapper\">\n\t\t\t\t\t\t\t\t\t<span class=\"elementor-button-text\">Centres de pr\u00e9vention du suicide<\/span>\n\t\t\t\t\t<\/span>\n\t\t\t\t\t<\/a>\n\t\t\t\t<\/div>\n\t\t\t\t\t\t\t\t<\/div>\n\t\t\t\t<\/div>\n\t\t\t\t\t<\/div>\n\t\t<\/div>\n\t\t\t\t\t<\/div>\n\t\t<\/section>\n\t\t\t\t<div class=\"elementor-element elementor-element-495bb6b elementor-widget elementor-widget-text-editor\" data-id=\"495bb6b\" data-element_type=\"widget\" data-e-type=\"widget\" data-widget_type=\"text-editor.default\">\n\t\t\t\t<div class=\"elementor-widget-container\">\n\t\t\t\t\t\t\t\t\t<p><b><\/b>&nbsp;Vous pouvez aussi communiquer avec <b>Info-Sant\u00e9 811&nbsp; <\/b>ou contacter le<b> 911.<\/b><\/p>\n<ul>\n<li>Option 1 :&nbsp; Info-sant\u00e9 | conseils en sant\u00e9<\/li>\n<li>Option 2 : Info-social | conseils psychosociaux et sant\u00e9 mentale&nbsp;&nbsp;<\/li>\n<\/ul>\t\t\t\t\t\t\t\t<\/div>\n\t\t\t\t<\/div>\n\t\t\t\t\t<\/div>\n\t\t<\/div>\n\t\t\t\t\t<\/div>\n\t\t<\/section>\n\t\t\t\t<\/div>\n\t\t","protected":false},"excerpt":{"rendered":"<p>Pour les patients qui vivent avec de la douleur chronique. La douleur fait-elle partie de votre quotidien? Vous avez besoin de parler en toute confidentialit\u00e9? Vous n\u2019\u00eates plus seul, l\u2019AQDC peut vous accompagner.&nbsp; Pour \u00eatre encore plus proactif, une ligne d\u2019\u00e9coute et d&#8217;entraide est disponible pour vous aider \u00e0 mieux communiquer vos probl\u00e8mes de douleur. [&hellip;]<\/p>\n","protected":false},"author":3,"featured_media":0,"parent":8695,"menu_order":0,"comment_status":"closed","ping_status":"closed","template":"elementor_header_footer","meta":{"_acf_changed":false,"footnotes":""},"class_list":["post-8703","page","type-page","status-publish","hentry"],"acf":[],"_links":{"self":[{"href":"https:\/\/douleurquebec.ca\/en\/wp-json\/wp\/v2\/pages\/8703","targetHints":{"allow":["GET"]}}],"collection":[{"href":"https:\/\/douleurquebec.ca\/en\/wp-json\/wp\/v2\/pages"}],"about":[{"href":"https:\/\/douleurquebec.ca\/en\/wp-json\/wp\/v2\/types\/page"}],"author":[{"embeddable":true,"href":"https:\/\/douleurquebec.ca\/en\/wp-json\/wp\/v2\/users\/3"}],"replies":[{"embeddable":true,"href":"https:\/\/douleurquebec.ca\/en\/wp-json\/wp\/v2\/comments?post=8703"}],"version-history":[{"count":1,"href":"https:\/\/douleurquebec.ca\/en\/wp-json\/wp\/v2\/pages\/8703\/revisions"}],"predecessor-version":[{"id":8704,"href":"https:\/\/douleurquebec.ca\/en\/wp-json\/wp\/v2\/pages\/8703\/revisions\/8704"}],"up":[{"embeddable":true,"href":"https:\/\/douleurquebec.ca\/en\/wp-json\/wp\/v2\/pages\/8695"}],"wp:attachment":[{"href":"https:\/\/douleurquebec.ca\/en\/wp-json\/wp\/v2\/media?parent=8703"}],"curies":[{"name":"wp","href":"https:\/\/api.w.org\/{rel}","templated":true}]}}