{"id":8695,"date":"2021-06-01T13:54:18","date_gmt":"2021-06-01T17:54:18","guid":{"rendered":"https:\/\/douleurquebec.ca\/nos-services\/"},"modified":"2025-02-19T09:58:44","modified_gmt":"2025-02-19T14:58:44","slug":"our-services","status":"publish","type":"page","link":"https:\/\/douleurquebec.ca\/en\/our-services\/","title":{"rendered":"Our services"},"content":{"rendered":"\t\t<div data-elementor-type=\"wp-page\" data-elementor-id=\"8695\" class=\"elementor elementor-8695 elementor-10\" data-elementor-post-type=\"page\">\n\t\t\t\t\t\t<section class=\"elementor-section elementor-top-section elementor-element elementor-element-4ba39f5 elementor-section-stretched elementor-section-boxed elementor-section-height-default elementor-section-height-default\" data-id=\"4ba39f5\" data-element_type=\"section\" data-e-type=\"section\" data-settings=\"{&quot;stretch_section&quot;:&quot;section-stretched&quot;,&quot;background_background&quot;:&quot;classic&quot;}\">\n\t\t\t\t\t\t<div class=\"elementor-container elementor-column-gap-default\">\n\t\t\t\t\t<div class=\"elementor-column elementor-col-100 elementor-top-column elementor-element elementor-element-9200deb\" data-id=\"9200deb\" data-element_type=\"column\" data-e-type=\"column\" data-settings=\"{&quot;background_background&quot;:&quot;classic&quot;}\">\n\t\t\t<div class=\"elementor-widget-wrap elementor-element-populated\">\n\t\t\t\t\t\t\t<\/div>\n\t\t<\/div>\n\t\t\t\t\t<\/div>\n\t\t<\/section>\n\t\t\t\t<section class=\"elementor-section elementor-top-section elementor-element elementor-element-34ddc67f elementor-section-boxed elementor-section-height-default elementor-section-height-default\" data-id=\"34ddc67f\" data-element_type=\"section\" data-e-type=\"section\">\n\t\t\t\t\t\t<div class=\"elementor-container elementor-column-gap-default\">\n\t\t\t\t\t<div class=\"elementor-column elementor-col-50 elementor-top-column elementor-element elementor-element-4bf64cb5\" data-id=\"4bf64cb5\" data-element_type=\"column\" data-e-type=\"column\">\n\t\t\t<div class=\"elementor-widget-wrap elementor-element-populated\">\n\t\t\t\t\t\t<div class=\"elementor-element elementor-element-c0b2a0d elementor-widget elementor-widget-text-editor\" data-id=\"c0b2a0d\" data-element_type=\"widget\" data-e-type=\"widget\" data-widget_type=\"text-editor.default\">\n\t\t\t\t<div class=\"elementor-widget-container\">\n\t\t\t\t\t\t\t\t\t<p class=\"MsoNormal\" style=\"text-align: justify; margin: 7.2pt 0cm 14.4pt 0cm;\">Depuis sa fondation, l\u2019AQDC a d\u00e9ploy\u00e9 des services ayant pour but de soutenir les personnes vivant avec la douleur chronique et contribuer \u00e0 r\u00e9duire leur isolement.<\/p>\n<p class=\"MsoNormal\" style=\"text-align: justify; margin: 7.2pt 0cm 14.4pt 0cm;\">L&#8217;AQDC propose divers services aux membres et des ressources, comme les groupes d&#8217;entraide, la ligne d&#8217;\u00e9coute et d&#8217;entraide ainsi que de la documentation et des vid\u00e9os en lien avec la douleur chronique. Chaque mois, lors d\u2019une conf\u00e9rence provinciale, un professionnel de la sant\u00e9 traite d&#8217;un th\u00e8me li\u00e9 \u00e0 la douleur chronique.<\/p>\n<p class=\"MsoNormal\" style=\"text-align: justify; margin: 7.2pt 0cm 14.4pt 0cm;\">L\u2019AQDC collabore aussi \u00e0 diff\u00e9rents projets de recherche en douleur chronique en r\u00e9digeant des lettres d\u2019appuis ou en faisant appel \u00e0 ses membres.<br><br>D\u00e9couvrez notre programmation et les ressources offertes!<\/p>\t\t\t\t\t\t\t\t<\/div>\n\t\t\t\t<\/div>\n\t\t\t\t\t<\/div>\n\t\t<\/div>\n\t\t\t\t<div class=\"elementor-column elementor-col-50 elementor-top-column elementor-element elementor-element-76a4cec5\" data-id=\"76a4cec5\" data-element_type=\"column\" data-e-type=\"column\">\n\t\t\t<div class=\"elementor-widget-wrap elementor-element-populated\">\n\t\t\t\t\t\t<div class=\"elementor-element elementor-element-2528af4 elementor-align-justify elementor-widget elementor-widget-button\" data-id=\"2528af4\" data-element_type=\"widget\" data-e-type=\"widget\" data-widget_type=\"button.default\">\n\t\t\t\t<div class=\"elementor-widget-container\">\n\t\t\t\t\t\t\t\t\t<div class=\"elementor-button-wrapper\">\n\t\t\t\t\t<a class=\"elementor-button elementor-button-link elementor-size-sm\" href=\"https:\/\/douleurquebec.ca\/nos-services\/groupe-dentraide\/\">\n\t\t\t\t\t\t<span class=\"elementor-button-content-wrapper\">\n\t\t\t\t\t\t\t\t\t<span class=\"elementor-button-text\">Groupes d\u2019entraide<\/span>\n\t\t\t\t\t<\/span>\n\t\t\t\t\t<\/a>\n\t\t\t\t<\/div>\n\t\t\t\t\t\t\t\t<\/div>\n\t\t\t\t<\/div>\n\t\t\t\t<div class=\"elementor-element elementor-element-02a3212 elementor-align-justify elementor-widget elementor-widget-button\" data-id=\"02a3212\" data-element_type=\"widget\" data-e-type=\"widget\" data-widget_type=\"button.default\">\n\t\t\t\t<div class=\"elementor-widget-container\">\n\t\t\t\t\t\t\t\t\t<div class=\"elementor-button-wrapper\">\n\t\t\t\t\t<a class=\"elementor-button elementor-button-link elementor-size-sm\" href=\"https:\/\/douleurquebec.ca\/nos-services\/ligne-dentraide\/\">\n\t\t\t\t\t\t<span class=\"elementor-button-content-wrapper\">\n\t\t\t\t\t\t\t\t\t<span class=\"elementor-button-text\">Ligne d\u2019entraide et de soutien<\/span>\n\t\t\t\t\t<\/span>\n\t\t\t\t\t<\/a>\n\t\t\t\t<\/div>\n\t\t\t\t\t\t\t\t<\/div>\n\t\t\t\t<\/div>\n\t\t\t\t<div class=\"elementor-element elementor-element-251b6c3 elementor-align-justify elementor-widget elementor-widget-button\" data-id=\"251b6c3\" data-element_type=\"widget\" data-e-type=\"widget\" data-widget_type=\"button.default\">\n\t\t\t\t<div class=\"elementor-widget-container\">\n\t\t\t\t\t\t\t\t\t<div class=\"elementor-button-wrapper\">\n\t\t\t\t\t<a class=\"elementor-button elementor-button-link elementor-size-sm\" href=\"https:\/\/douleurquebec.ca\/nos-services\/activites-conferences\/\">\n\t\t\t\t\t\t<span class=\"elementor-button-content-wrapper\">\n\t\t\t\t\t\t\t\t\t<span class=\"elementor-button-text\">Activit\u00e9s et conf\u00e9rences<\/span>\n\t\t\t\t\t<\/span>\n\t\t\t\t\t<\/a>\n\t\t\t\t<\/div>\n\t\t\t\t\t\t\t\t<\/div>\n\t\t\t\t<\/div>\n\t\t\t\t<div class=\"elementor-element elementor-element-0c26f3a elementor-align-justify elementor-widget elementor-widget-button\" data-id=\"0c26f3a\" data-element_type=\"widget\" data-e-type=\"widget\" data-widget_type=\"button.default\">\n\t\t\t\t<div class=\"elementor-widget-container\">\n\t\t\t\t\t\t\t\t\t<div class=\"elementor-button-wrapper\">\n\t\t\t\t\t<a class=\"elementor-button elementor-button-link elementor-size-sm\" href=\"https:\/\/douleurquebec.ca\/nos-services\/ressources\/\">\n\t\t\t\t\t\t<span class=\"elementor-button-content-wrapper\">\n\t\t\t\t\t\t\t\t\t<span class=\"elementor-button-text\">Ressources<\/span>\n\t\t\t\t\t<\/span>\n\t\t\t\t\t<\/a>\n\t\t\t\t<\/div>\n\t\t\t\t\t\t\t\t<\/div>\n\t\t\t\t<\/div>\n\t\t\t\t\t<\/div>\n\t\t<\/div>\n\t\t\t\t\t<\/div>\n\t\t<\/section>\n\t\t\t\t<\/div>\n\t\t","protected":false},"excerpt":{"rendered":"<p>Depuis sa fondation, l\u2019AQDC a d\u00e9ploy\u00e9 des services ayant pour but de soutenir les personnes vivant avec la douleur chronique et contribuer \u00e0 r\u00e9duire leur isolement. L&#8217;AQDC propose divers services aux membres et des ressources, comme les groupes d&#8217;entraide, la ligne d&#8217;\u00e9coute et d&#8217;entraide ainsi que de la documentation et des vid\u00e9os en lien avec [&hellip;]<\/p>\n","protected":false},"author":3,"featured_media":0,"parent":0,"menu_order":0,"comment_status":"closed","ping_status":"closed","template":"elementor_header_footer","meta":{"_acf_changed":false,"footnotes":""},"class_list":["post-8695","page","type-page","status-publish","hentry"],"acf":[],"_links":{"self":[{"href":"https:\/\/douleurquebec.ca\/en\/wp-json\/wp\/v2\/pages\/8695","targetHints":{"allow":["GET"]}}],"collection":[{"href":"https:\/\/douleurquebec.ca\/en\/wp-json\/wp\/v2\/pages"}],"about":[{"href":"https:\/\/douleurquebec.ca\/en\/wp-json\/wp\/v2\/types\/page"}],"author":[{"embeddable":true,"href":"https:\/\/douleurquebec.ca\/en\/wp-json\/wp\/v2\/users\/3"}],"replies":[{"embeddable":true,"href":"https:\/\/douleurquebec.ca\/en\/wp-json\/wp\/v2\/comments?post=8695"}],"version-history":[{"count":2,"href":"https:\/\/douleurquebec.ca\/en\/wp-json\/wp\/v2\/pages\/8695\/revisions"}],"predecessor-version":[{"id":8800,"href":"https:\/\/douleurquebec.ca\/en\/wp-json\/wp\/v2\/pages\/8695\/revisions\/8800"}],"wp:attachment":[{"href":"https:\/\/douleurquebec.ca\/en\/wp-json\/wp\/v2\/media?parent=8695"}],"curies":[{"name":"wp","href":"https:\/\/api.w.org\/{rel}","templated":true}]}}