{"id":8691,"date":"2021-06-07T15:13:00","date_gmt":"2021-06-07T19:13:00","guid":{"rendered":"https:\/\/douleurquebec.ca\/dons\/"},"modified":"2025-03-31T10:56:21","modified_gmt":"2025-03-31T14:56:21","slug":"dons","status":"publish","type":"page","link":"https:\/\/douleurquebec.ca\/en\/dons\/","title":{"rendered":"Donations"},"content":{"rendered":"\t\t<div data-elementor-type=\"wp-page\" data-elementor-id=\"8691\" class=\"elementor elementor-8691 elementor-417\" data-elementor-post-type=\"page\">\n\t\t\t\t\t\t<section class=\"elementor-section elementor-top-section elementor-element elementor-element-f855a3c elementor-section-stretched elementor-section-boxed elementor-section-height-default elementor-section-height-default\" data-id=\"f855a3c\" data-element_type=\"section\" data-e-type=\"section\" data-settings=\"{&quot;stretch_section&quot;:&quot;section-stretched&quot;,&quot;background_background&quot;:&quot;classic&quot;}\">\n\t\t\t\t\t\t<div class=\"elementor-container elementor-column-gap-default\">\n\t\t\t\t\t<div class=\"elementor-column elementor-col-100 elementor-top-column elementor-element elementor-element-fea804c\" data-id=\"fea804c\" data-element_type=\"column\" data-e-type=\"column\" data-settings=\"{&quot;background_background&quot;:&quot;classic&quot;}\">\n\t\t\t<div class=\"elementor-widget-wrap elementor-element-populated\">\n\t\t\t\t\t\t\t<\/div>\n\t\t<\/div>\n\t\t\t\t\t<\/div>\n\t\t<\/section>\n\t\t\t\t<section class=\"elementor-section elementor-top-section elementor-element elementor-element-2ec9d6b5 elementor-section-boxed elementor-section-height-default elementor-section-height-default\" data-id=\"2ec9d6b5\" data-element_type=\"section\" data-e-type=\"section\" data-settings=\"{&quot;background_background&quot;:&quot;classic&quot;}\">\n\t\t\t\t\t\t<div class=\"elementor-container elementor-column-gap-default\">\n\t\t\t\t\t<div class=\"elementor-column elementor-col-100 elementor-top-column elementor-element elementor-element-35d960b8\" data-id=\"35d960b8\" data-element_type=\"column\" data-e-type=\"column\" data-settings=\"{&quot;background_background&quot;:&quot;classic&quot;}\">\n\t\t\t<div class=\"elementor-widget-wrap\">\n\t\t\t\t\t\t\t<\/div>\n\t\t<\/div>\n\t\t\t\t\t<\/div>\n\t\t<\/section>\n\t\t\t\t<section class=\"elementor-section elementor-top-section elementor-element elementor-element-c1c447d elementor-section-boxed elementor-section-height-default elementor-section-height-default\" data-id=\"c1c447d\" data-element_type=\"section\" data-e-type=\"section\">\n\t\t\t\t\t\t<div class=\"elementor-container elementor-column-gap-default\">\n\t\t\t\t\t<div class=\"elementor-column elementor-col-100 elementor-top-column elementor-element elementor-element-7a4bf34\" data-id=\"7a4bf34\" data-element_type=\"column\" data-e-type=\"column\">\n\t\t\t<div class=\"elementor-widget-wrap elementor-element-populated\">\n\t\t\t\t\t\t<div class=\"elementor-element elementor-element-4760566 elementor-widget elementor-widget-heading\" data-id=\"4760566\" data-element_type=\"widget\" data-e-type=\"widget\" data-widget_type=\"heading.default\">\n\t\t\t\t<div class=\"elementor-widget-container\">\n\t\t\t\t\t<h2 class=\"elementor-heading-title elementor-size-default\">Faire un don<\/h2>\t\t\t\t<\/div>\n\t\t\t\t<\/div>\n\t\t\t\t<div class=\"elementor-element elementor-element-1c359d36 elementor-widget elementor-widget-text-editor\" data-id=\"1c359d36\" data-element_type=\"widget\" data-e-type=\"widget\" data-widget_type=\"text-editor.default\">\n\t\t\t\t<div class=\"elementor-widget-container\">\n\t\t\t\t\t\t\t\t\t<p><strong>Participez au d\u00e9veloppement des projets de l\u2019AQDC en faisant un don de fa\u00e7on simple et s\u00e9curis\u00e9e.<\/strong><\/p><p>L&#8217;AQDC est un organisme de bienfaisance reconnu. \u00c0 la fin de l&#8217;ann\u00e9e, un re\u00e7u \u00e0 des fins fiscales sera achemin\u00e9 pour les dons de 25 $ et plus.\u00a0<span style=\"font-weight: bolder;\">Chaque don fait une diff\u00e9rence!\u00a0\u00a0<\/span><\/p>\t\t\t\t\t\t\t\t<\/div>\n\t\t\t\t<\/div>\n\t\t\t\t<div class=\"elementor-element elementor-element-6447f53 elementor-widget elementor-widget-text-editor\" data-id=\"6447f53\" data-element_type=\"widget\" data-e-type=\"widget\" data-widget_type=\"text-editor.default\">\n\t\t\t\t<div class=\"elementor-widget-container\">\n\t\t\t\t\t\t\t\t\t<p><span style=\"color: #8fb2c9;\"><strong>Dons In Memoriam<\/strong><\/span><\/p><p>Perdre un \u00eatre cher est toujours une \u00e9preuve difficile. Pour vous aider \u00e0 perp\u00e9tuer sa m\u00e9moire, faites un don In Memoriam \u00e0 l\u2019AQDC.<\/p><p>Gr\u00e2ce \u00e0 votre g\u00e9n\u00e9rosit\u00e9, l\u2019AQDC pourra poursuivre sa mission en venant en aide aux personnes souffrant de douleur chronique. Un message de sympathie informant la famille de votre don lui sera envoy\u00e9.<\/p>\t\t\t\t\t\t\t\t<\/div>\n\t\t\t\t<\/div>\n\t\t\t\t\t<\/div>\n\t\t<\/div>\n\t\t\t\t\t<\/div>\n\t\t<\/section>\n\t\t\t\t<section class=\"elementor-section elementor-top-section elementor-element elementor-element-38d3ae2 elementor-section-boxed elementor-section-height-default elementor-section-height-default\" data-id=\"38d3ae2\" data-element_type=\"section\" data-e-type=\"section\">\n\t\t\t\t\t\t<div class=\"elementor-container elementor-column-gap-default\">\n\t\t\t\t\t<div class=\"elementor-column elementor-col-50 elementor-top-column elementor-element elementor-element-cc66091\" data-id=\"cc66091\" data-element_type=\"column\" data-e-type=\"column\">\n\t\t\t<div class=\"elementor-widget-wrap elementor-element-populated\">\n\t\t\t\t\t\t<div class=\"elementor-element elementor-element-fd24cd6 elementor-align-center elementor-widget elementor-widget-button\" data-id=\"fd24cd6\" data-element_type=\"widget\" data-e-type=\"widget\" data-widget_type=\"button.default\">\n\t\t\t\t<div class=\"elementor-widget-container\">\n\t\t\t\t\t\t\t\t\t<div class=\"elementor-button-wrapper\">\n\t\t\t\t\t<a class=\"elementor-button elementor-button-link elementor-size-sm\" href=\"https:\/\/aqdc.s1.yapla.com\/fr\/dons\/donate\/donner-maintenant-a-laqdc\/4678\" target=\"_blank\" rel=\"nofollow noopener\">\n\t\t\t\t\t\t<span class=\"elementor-button-content-wrapper\">\n\t\t\t\t\t\t<span class=\"elementor-button-icon\">\n\t\t\t\t<i aria-hidden=\"true\" class=\"fas fa-external-link-alt\"><\/i>\t\t\t<\/span>\n\t\t\t\t\t\t\t\t\t<span class=\"elementor-button-text\">Pour faire un don<\/span>\n\t\t\t\t\t<\/span>\n\t\t\t\t\t<\/a>\n\t\t\t\t<\/div>\n\t\t\t\t\t\t\t\t<\/div>\n\t\t\t\t<\/div>\n\t\t\t\t\t<\/div>\n\t\t<\/div>\n\t\t\t\t<div class=\"elementor-column elementor-col-50 elementor-top-column elementor-element elementor-element-e995dc1\" data-id=\"e995dc1\" data-element_type=\"column\" data-e-type=\"column\">\n\t\t\t<div class=\"elementor-widget-wrap elementor-element-populated\">\n\t\t\t\t\t\t<div class=\"elementor-element elementor-element-bc87c6d elementor-align-center elementor-widget elementor-widget-button\" data-id=\"bc87c6d\" data-element_type=\"widget\" data-e-type=\"widget\" data-widget_type=\"button.default\">\n\t\t\t\t<div class=\"elementor-widget-container\">\n\t\t\t\t\t\t\t\t\t<div class=\"elementor-button-wrapper\">\n\t\t\t\t\t<a class=\"elementor-button elementor-button-link elementor-size-sm\" href=\"https:\/\/aqdc.s1.yapla.com\/fr\/dons-mensuels\/donate\/donner-mensuellement-a-laqdc\/4866\" target=\"_blank\" rel=\"nofollow noopener\">\n\t\t\t\t\t\t<span class=\"elementor-button-content-wrapper\">\n\t\t\t\t\t\t<span class=\"elementor-button-icon\">\n\t\t\t\t<i aria-hidden=\"true\" class=\"fas fa-external-link-alt\"><\/i>\t\t\t<\/span>\n\t\t\t\t\t\t\t\t\t<span class=\"elementor-button-text\">Pour faire un don mensuel<\/span>\n\t\t\t\t\t<\/span>\n\t\t\t\t\t<\/a>\n\t\t\t\t<\/div>\n\t\t\t\t\t\t\t\t<\/div>\n\t\t\t\t<\/div>\n\t\t\t\t\t<\/div>\n\t\t<\/div>\n\t\t\t\t\t<\/div>\n\t\t<\/section>\n\t\t\t\t<section class=\"elementor-section elementor-top-section elementor-element elementor-element-4cef7f1 elementor-section-boxed elementor-section-height-default elementor-section-height-default\" data-id=\"4cef7f1\" data-element_type=\"section\" data-e-type=\"section\">\n\t\t\t\t\t\t<div class=\"elementor-container elementor-column-gap-default\">\n\t\t\t\t\t<div class=\"elementor-column elementor-col-100 elementor-top-column elementor-element elementor-element-4776019\" data-id=\"4776019\" data-element_type=\"column\" data-e-type=\"column\">\n\t\t\t<div class=\"elementor-widget-wrap elementor-element-populated\">\n\t\t\t\t\t\t<div class=\"elementor-element elementor-element-21ee470 elementor-widget elementor-widget-spacer\" data-id=\"21ee470\" data-element_type=\"widget\" data-e-type=\"widget\" data-widget_type=\"spacer.default\">\n\t\t\t\t<div class=\"elementor-widget-container\">\n\t\t\t\t\t\t\t<div class=\"elementor-spacer\">\n\t\t\t<div class=\"elementor-spacer-inner\"><\/div>\n\t\t<\/div>\n\t\t\t\t\t\t<\/div>\n\t\t\t\t<\/div>\n\t\t\t\t<div class=\"elementor-element elementor-element-1d9a275 elementor-widget elementor-widget-text-editor\" data-id=\"1d9a275\" data-element_type=\"widget\" data-e-type=\"widget\" data-widget_type=\"text-editor.default\">\n\t\t\t\t<div class=\"elementor-widget-container\">\n\t\t\t\t\t\t\t\t\t<p>Les dons peuvent aussi \u00eatre achemin\u00e9s <strong>par la poste<\/strong> par ch\u00e8que \u00e0 l&#8217;adresse suivante : <br \/><strong>Association qu\u00e9b\u00e9coise de la douleur chronique<\/strong><br \/>7665, boul. Lacordaire<br \/>Montr\u00e9al (Qu\u00e9bec) H1S 2A7<\/p>\t\t\t\t\t\t\t\t<\/div>\n\t\t\t\t<\/div>\n\t\t\t\t<div class=\"elementor-element elementor-element-71a34f4 elementor-widget elementor-widget-spacer\" data-id=\"71a34f4\" data-element_type=\"widget\" data-e-type=\"widget\" data-widget_type=\"spacer.default\">\n\t\t\t\t<div class=\"elementor-widget-container\">\n\t\t\t\t\t\t\t<div class=\"elementor-spacer\">\n\t\t\t<div class=\"elementor-spacer-inner\"><\/div>\n\t\t<\/div>\n\t\t\t\t\t\t<\/div>\n\t\t\t\t<\/div>\n\t\t\t\t\t<\/div>\n\t\t<\/div>\n\t\t\t\t\t<\/div>\n\t\t<\/section>\n\t\t\t\t<\/div>\n\t\t","protected":false},"excerpt":{"rendered":"<p>Faire un don Participez au d\u00e9veloppement des projets de l\u2019AQDC en faisant un don de fa\u00e7on simple et s\u00e9curis\u00e9e. L&#8217;AQDC est un organisme de bienfaisance reconnu. \u00c0 la fin de l&#8217;ann\u00e9e, un re\u00e7u \u00e0 des fins fiscales sera achemin\u00e9 pour les dons de 25 $ et plus.\u00a0Chaque don fait une diff\u00e9rence!\u00a0\u00a0 Dons In Memoriam Perdre [&hellip;]<\/p>\n","protected":false},"author":3,"featured_media":0,"parent":0,"menu_order":0,"comment_status":"closed","ping_status":"closed","template":"elementor_header_footer","meta":{"_acf_changed":false,"footnotes":""},"class_list":["post-8691","page","type-page","status-publish","hentry"],"acf":[],"_links":{"self":[{"href":"https:\/\/douleurquebec.ca\/en\/wp-json\/wp\/v2\/pages\/8691","targetHints":{"allow":["GET"]}}],"collection":[{"href":"https:\/\/douleurquebec.ca\/en\/wp-json\/wp\/v2\/pages"}],"about":[{"href":"https:\/\/douleurquebec.ca\/en\/wp-json\/wp\/v2\/types\/page"}],"author":[{"embeddable":true,"href":"https:\/\/douleurquebec.ca\/en\/wp-json\/wp\/v2\/users\/3"}],"replies":[{"embeddable":true,"href":"https:\/\/douleurquebec.ca\/en\/wp-json\/wp\/v2\/comments?post=8691"}],"version-history":[{"count":4,"href":"https:\/\/douleurquebec.ca\/en\/wp-json\/wp\/v2\/pages\/8691\/revisions"}],"predecessor-version":[{"id":8966,"href":"https:\/\/douleurquebec.ca\/en\/wp-json\/wp\/v2\/pages\/8691\/revisions\/8966"}],"wp:attachment":[{"href":"https:\/\/douleurquebec.ca\/en\/wp-json\/wp\/v2\/media?parent=8691"}],"curies":[{"name":"wp","href":"https:\/\/api.w.org\/{rel}","templated":true}]}}