{"id":8685,"date":"2024-09-11T10:45:31","date_gmt":"2024-09-11T14:45:31","guid":{"rendered":"https:\/\/douleurquebec.ca\/devenir-animateur-de-groupe-dentraide\/"},"modified":"2025-02-14T10:20:03","modified_gmt":"2025-02-14T15:20:03","slug":"become-an-animator","status":"publish","type":"page","link":"https:\/\/douleurquebec.ca\/en\/become-an-animator\/","title":{"rendered":"Become an animator"},"content":{"rendered":"\t\t<div data-elementor-type=\"wp-page\" data-elementor-id=\"8685\" class=\"elementor elementor-8685 elementor-6146\" data-elementor-post-type=\"page\">\n\t\t\t\t\t\t<section class=\"elementor-section elementor-top-section elementor-element elementor-element-2e71ece elementor-section-stretched elementor-section-boxed elementor-section-height-default elementor-section-height-default\" data-id=\"2e71ece\" data-element_type=\"section\" data-e-type=\"section\" data-settings=\"{&quot;stretch_section&quot;:&quot;section-stretched&quot;,&quot;background_background&quot;:&quot;classic&quot;}\">\n\t\t\t\t\t\t<div class=\"elementor-container elementor-column-gap-default\">\n\t\t\t\t\t<div class=\"elementor-column elementor-col-100 elementor-top-column elementor-element elementor-element-a9c2fd8\" data-id=\"a9c2fd8\" data-element_type=\"column\" data-e-type=\"column\" data-settings=\"{&quot;background_background&quot;:&quot;classic&quot;}\">\n\t\t\t<div class=\"elementor-widget-wrap elementor-element-populated\">\n\t\t\t\t\t\t\t<\/div>\n\t\t<\/div>\n\t\t\t\t\t<\/div>\n\t\t<\/section>\n\t\t\t\t<section class=\"elementor-section elementor-top-section elementor-element elementor-element-79478440 elementor-section-boxed elementor-section-height-default elementor-section-height-default\" data-id=\"79478440\" data-element_type=\"section\" data-e-type=\"section\" data-settings=\"{&quot;background_background&quot;:&quot;classic&quot;}\">\n\t\t\t\t\t\t<div class=\"elementor-container elementor-column-gap-default\">\n\t\t\t\t\t<div class=\"elementor-column elementor-col-100 elementor-top-column elementor-element elementor-element-ab25e71\" data-id=\"ab25e71\" data-element_type=\"column\" data-e-type=\"column\">\n\t\t\t<div class=\"elementor-widget-wrap elementor-element-populated\">\n\t\t\t\t\t\t<div class=\"elementor-element elementor-element-3756853f elementor-widget elementor-widget-heading\" data-id=\"3756853f\" data-element_type=\"widget\" data-e-type=\"widget\" data-widget_type=\"heading.default\">\n\t\t\t\t<div class=\"elementor-widget-container\">\n\t\t\t\t\t<h2 class=\"elementor-heading-title elementor-size-default\">Animer un groupe d\u2019entraide est une exp\u00e9rience enrichissante que\nvous voulez r\u00e9aliser?  C\u2019est le bon moment!<\/h2>\t\t\t\t<\/div>\n\t\t\t\t<\/div>\n\t\t\t\t\t<\/div>\n\t\t<\/div>\n\t\t\t\t\t<\/div>\n\t\t<\/section>\n\t\t\t\t<section class=\"elementor-section elementor-top-section elementor-element elementor-element-682cf101 elementor-section-boxed elementor-section-height-default elementor-section-height-default\" data-id=\"682cf101\" data-element_type=\"section\" data-e-type=\"section\">\n\t\t\t\t\t\t<div class=\"elementor-container elementor-column-gap-default\">\n\t\t\t\t\t<div class=\"elementor-column elementor-col-100 elementor-top-column elementor-element elementor-element-1da98019\" data-id=\"1da98019\" data-element_type=\"column\" data-e-type=\"column\">\n\t\t\t<div class=\"elementor-widget-wrap elementor-element-populated\">\n\t\t\t\t\t\t<div class=\"elementor-element elementor-element-621270f elementor-widget elementor-widget-text-editor\" data-id=\"621270f\" data-element_type=\"widget\" data-e-type=\"widget\" data-widget_type=\"text-editor.default\">\n\t\t\t\t<div class=\"elementor-widget-container\">\n\t\t\t\t\t\t\t\t\t<p>L&#8217;AQDC est \u00e0 la recherche de membres b\u00e9n\u00e9voles qui aimeraient vivre cette exp\u00e9rience en mode virtuel ou pr\u00e9sentiel. Plusieurs formats sont possibles : petit ou grand groupe, sous forme d\u2019\u00e9change et discussions ou avec des expos\u00e9s puis des \u00e9changes en groupe. Vous choisissez la formule qui vous convient.\u00a0<\/p>\t\t\t\t\t\t\t\t<\/div>\n\t\t\t\t<\/div>\n\t\t\t\t<div class=\"elementor-element elementor-element-be557e4 elementor-widget elementor-widget-text-editor\" data-id=\"be557e4\" data-element_type=\"widget\" data-e-type=\"widget\" data-widget_type=\"text-editor.default\">\n\t\t\t\t<div class=\"elementor-widget-container\">\n\t\t\t\t\t\t\t\t\t<p><strong>Votre r\u00f4le<\/strong> sera de :<\/p><ul><li>Pr\u00e9parer et animer des expos\u00e9s informatifs et engageants sur des sujets pertinents pour les membres<\/li><li>Faciliter des discussions de groupe dynamiques, en encourageant la participation et en veillant \u00e0 ce que toutes les voix soient entendues<\/li><li>Fournir un soutien \u00e9motionnel et proposer des ressources aux participant(e)s<\/li><li>Cr\u00e9er un environnement s\u00fbr et inclusif o\u00f9 les participant(e)s peuvent apprendre, partager leurs exp\u00e9riences et se soutenir mutuellement.<\/li><\/ul>\t\t\t\t\t\t\t\t<\/div>\n\t\t\t\t<\/div>\n\t\t\t\t<div class=\"elementor-element elementor-element-89ed44f elementor-widget elementor-widget-text-editor\" data-id=\"89ed44f\" data-element_type=\"widget\" data-e-type=\"widget\" data-widget_type=\"text-editor.default\">\n\t\t\t\t<div class=\"elementor-widget-container\">\n\t\t\t\t\t\t\t\t\t<p><strong>Que vous ayez ou non de l\u2019exp\u00e9rience, l\u2019offre est ouverte \u00e0 toutes les personnes int\u00e9ress\u00e9es.<\/strong> Vous serez form\u00e9es, accompagn\u00e9es par un.e mentor.e et aurez acc\u00e8s \u00e0 du mat\u00e9riel pour faciliter les rencontres (sujets, pr\u00e9sentation, mode d\u2019emploi, etc.) en virtuel sur Zoom ou dans<br>une salle \u00e0 d\u00e9terminer pour les r\u00e9unions en pr\u00e9sentiel.<\/p>\n<p><strong>Les groupes peuvent d\u00e9buter \u00e0 tout moment dans l\u2019ann\u00e9e. Le choix de l\u2019horaire est \u00e0 votre discr\u00e9tion.<\/strong> <br>Pour pr\u00e9senter votre candidature, communiquez avec nous.<\/p>\t\t\t\t\t\t\t\t<\/div>\n\t\t\t\t<\/div>\n\t\t\t\t<div class=\"elementor-element elementor-element-26039895 elementor-align-center elementor-widget elementor-widget-button\" data-id=\"26039895\" data-element_type=\"widget\" data-e-type=\"widget\" data-widget_type=\"button.default\">\n\t\t\t\t<div class=\"elementor-widget-container\">\n\t\t\t\t\t\t\t\t\t<div class=\"elementor-button-wrapper\">\n\t\t\t\t\t<a class=\"elementor-button elementor-button-link elementor-size-sm\" href=\"https:\/\/douleurquebec.ca\/contact\/\">\n\t\t\t\t\t\t<span class=\"elementor-button-content-wrapper\">\n\t\t\t\t\t\t\t\t\t<span class=\"elementor-button-text\">Devenir animateur<\/span>\n\t\t\t\t\t<\/span>\n\t\t\t\t\t<\/a>\n\t\t\t\t<\/div>\n\t\t\t\t\t\t\t\t<\/div>\n\t\t\t\t<\/div>\n\t\t\t\t\t<\/div>\n\t\t<\/div>\n\t\t\t\t\t<\/div>\n\t\t<\/section>\n\t\t\t\t<\/div>\n\t\t","protected":false},"excerpt":{"rendered":"<p>Animer un groupe d\u2019entraide est une exp\u00e9rience enrichissante que vous voulez r\u00e9aliser? C\u2019est le bon moment! L&#8217;AQDC est \u00e0 la recherche de membres b\u00e9n\u00e9voles qui aimeraient vivre cette exp\u00e9rience en mode virtuel ou pr\u00e9sentiel. Plusieurs formats sont possibles : petit ou grand groupe, sous forme d\u2019\u00e9change et discussions ou avec des expos\u00e9s puis des \u00e9changes [&hellip;]<\/p>\n","protected":false},"author":3,"featured_media":0,"parent":0,"menu_order":0,"comment_status":"closed","ping_status":"closed","template":"elementor_header_footer","meta":{"_acf_changed":false,"footnotes":""},"class_list":["post-8685","page","type-page","status-publish","hentry"],"acf":[],"_links":{"self":[{"href":"https:\/\/douleurquebec.ca\/en\/wp-json\/wp\/v2\/pages\/8685","targetHints":{"allow":["GET"]}}],"collection":[{"href":"https:\/\/douleurquebec.ca\/en\/wp-json\/wp\/v2\/pages"}],"about":[{"href":"https:\/\/douleurquebec.ca\/en\/wp-json\/wp\/v2\/types\/page"}],"author":[{"embeddable":true,"href":"https:\/\/douleurquebec.ca\/en\/wp-json\/wp\/v2\/users\/3"}],"replies":[{"embeddable":true,"href":"https:\/\/douleurquebec.ca\/en\/wp-json\/wp\/v2\/comments?post=8685"}],"version-history":[{"count":1,"href":"https:\/\/douleurquebec.ca\/en\/wp-json\/wp\/v2\/pages\/8685\/revisions"}],"predecessor-version":[{"id":8686,"href":"https:\/\/douleurquebec.ca\/en\/wp-json\/wp\/v2\/pages\/8685\/revisions\/8686"}],"wp:attachment":[{"href":"https:\/\/douleurquebec.ca\/en\/wp-json\/wp\/v2\/media?parent=8685"}],"curies":[{"name":"wp","href":"https:\/\/api.w.org\/{rel}","templated":true}]}}