{"id":8672,"date":"2021-06-01T13:54:59","date_gmt":"2021-06-01T17:54:59","guid":{"rendered":"https:\/\/douleurquebec.ca\/projets-de-recherche\/"},"modified":"2025-05-27T14:45:01","modified_gmt":"2025-05-27T18:45:01","slug":"research-projects","status":"publish","type":"page","link":"https:\/\/douleurquebec.ca\/en\/research-projects\/","title":{"rendered":"Research projects"},"content":{"rendered":"\t\t<div data-elementor-type=\"wp-page\" data-elementor-id=\"8672\" class=\"elementor elementor-8672 elementor-16\" data-elementor-post-type=\"page\">\n\t\t\t\t\t\t<section class=\"elementor-section elementor-top-section elementor-element elementor-element-4ceaa19 elementor-section-stretched elementor-section-boxed elementor-section-height-default elementor-section-height-default\" data-id=\"4ceaa19\" data-element_type=\"section\" data-e-type=\"section\" data-settings=\"{&quot;stretch_section&quot;:&quot;section-stretched&quot;,&quot;background_background&quot;:&quot;classic&quot;}\">\n\t\t\t\t\t\t<div class=\"elementor-container elementor-column-gap-default\">\n\t\t\t\t\t<div class=\"elementor-column elementor-col-100 elementor-top-column elementor-element elementor-element-02ab31f\" data-id=\"02ab31f\" data-element_type=\"column\" data-e-type=\"column\" data-settings=\"{&quot;background_background&quot;:&quot;classic&quot;}\">\n\t\t\t<div class=\"elementor-widget-wrap elementor-element-populated\">\n\t\t\t\t\t\t\t<\/div>\n\t\t<\/div>\n\t\t\t\t\t<\/div>\n\t\t<\/section>\n\t\t\t\t<section class=\"elementor-section elementor-top-section elementor-element elementor-element-cb11d9e elementor-section-boxed elementor-section-height-default elementor-section-height-default\" data-id=\"cb11d9e\" data-element_type=\"section\" data-e-type=\"section\">\n\t\t\t\t\t\t<div class=\"elementor-container elementor-column-gap-default\">\n\t\t\t\t\t\t<\/div>\n\t\t<\/section>\n\t\t\t\t<section class=\"elementor-section elementor-top-section elementor-element elementor-element-765a8a5 elementor-section-boxed elementor-section-height-default elementor-section-height-default\" data-id=\"765a8a5\" data-element_type=\"section\" data-e-type=\"section\">\n\t\t\t\t\t\t<div class=\"elementor-container elementor-column-gap-default\">\n\t\t\t\t\t<div class=\"elementor-column elementor-col-50 elementor-top-column elementor-element elementor-element-0af5987\" data-id=\"0af5987\" data-element_type=\"column\" data-e-type=\"column\">\n\t\t\t<div class=\"elementor-widget-wrap elementor-element-populated\">\n\t\t\t\t\t\t<div class=\"elementor-element elementor-element-c4cf761 elementor-widget elementor-widget-image\" data-id=\"c4cf761\" data-element_type=\"widget\" data-e-type=\"widget\" data-widget_type=\"image.default\">\n\t\t\t\t<div class=\"elementor-widget-container\">\n\t\t\t\t\t\t\t\t\t\t\t\t\t\t\t<img fetchpriority=\"high\" decoding=\"async\" width=\"1004\" height=\"1024\" src=\"https:\/\/douleurquebec.ca\/wp-content\/uploads\/2025\/05\/MPIC-En_1-1004x1024.png\" class=\"attachment-large size-large wp-image-9277\" alt=\"\" srcset=\"https:\/\/douleurquebec.ca\/wp-content\/uploads\/2025\/05\/MPIC-En_1-1004x1024.png 1004w, https:\/\/douleurquebec.ca\/wp-content\/uploads\/2025\/05\/MPIC-En_1-294x300.png 294w, https:\/\/douleurquebec.ca\/wp-content\/uploads\/2025\/05\/MPIC-En_1-768x783.png 768w, https:\/\/douleurquebec.ca\/wp-content\/uploads\/2025\/05\/MPIC-En_1.png 1024w\" sizes=\"(max-width: 1004px) 100vw, 1004px\">\t\t\t\t\t\t\t\t\t\t\t\t\t\t\t<\/div>\n\t\t\t\t<\/div>\n\t\t\t\t\t<\/div>\n\t\t<\/div>\n\t\t\t\t<div class=\"elementor-column elementor-col-50 elementor-top-column elementor-element elementor-element-944e828\" data-id=\"944e828\" data-element_type=\"column\" data-e-type=\"column\">\n\t\t\t<div class=\"elementor-widget-wrap elementor-element-populated\">\n\t\t\t\t\t\t<section class=\"elementor-section elementor-inner-section elementor-element elementor-element-d3ebfa0 elementor-section-boxed elementor-section-height-default elementor-section-height-default\" data-id=\"d3ebfa0\" data-element_type=\"section\" data-e-type=\"section\">\n\t\t\t\t\t\t<div class=\"elementor-container elementor-column-gap-default\">\n\t\t\t\t\t\t<\/div>\n\t\t<\/section>\n\t\t\t\t<div class=\"elementor-element elementor-element-3c2169f elementor-widget elementor-widget-image\" data-id=\"3c2169f\" data-element_type=\"widget\" data-e-type=\"widget\" data-widget_type=\"image.default\">\n\t\t\t\t<div class=\"elementor-widget-container\">\n\t\t\t\t\t\t\t\t\t\t\t\t\t\t\t<img decoding=\"async\" width=\"975\" height=\"1017\" src=\"https:\/\/douleurquebec.ca\/wp-content\/uploads\/2025\/05\/MPIC-En_2-3.png\" class=\"attachment-large size-large wp-image-9286\" alt=\"\" srcset=\"https:\/\/douleurquebec.ca\/wp-content\/uploads\/2025\/05\/MPIC-En_2-3.png 975w, https:\/\/douleurquebec.ca\/wp-content\/uploads\/2025\/05\/MPIC-En_2-3-288x300.png 288w, https:\/\/douleurquebec.ca\/wp-content\/uploads\/2025\/05\/MPIC-En_2-3-768x801.png 768w\" sizes=\"(max-width: 975px) 100vw, 975px\">\t\t\t\t\t\t\t\t\t\t\t\t\t\t\t<\/div>\n\t\t\t\t<\/div>\n\t\t\t\t\t<\/div>\n\t\t<\/div>\n\t\t\t\t\t<\/div>\n\t\t<\/section>\n\t\t\t\t<section class=\"elementor-section elementor-top-section elementor-element elementor-element-c6a2f85 elementor-section-boxed elementor-section-height-default elementor-section-height-default\" data-id=\"c6a2f85\" data-element_type=\"section\" data-e-type=\"section\">\n\t\t\t\t\t\t<div class=\"elementor-container elementor-column-gap-default\">\n\t\t\t\t\t<div class=\"elementor-column elementor-col-100 elementor-top-column elementor-element elementor-element-f3c083b\" data-id=\"f3c083b\" data-element_type=\"column\" data-e-type=\"column\">\n\t\t\t<div class=\"elementor-widget-wrap elementor-element-populated\">\n\t\t\t\t\t\t<div class=\"elementor-element elementor-element-cb19e90 elementor-align-center elementor-widget elementor-widget-button\" data-id=\"cb19e90\" data-element_type=\"widget\" data-e-type=\"widget\" data-widget_type=\"button.default\">\n\t\t\t\t<div class=\"elementor-widget-container\">\n\t\t\t\t\t\t\t\t\t<div class=\"elementor-button-wrapper\">\n\t\t\t\t\t<a class=\"elementor-button elementor-button-link elementor-size-sm\" href=\"https:\/\/fi.mpicprogram.com\/\" target=\"_blank\" rel=\"noopener\">\n\t\t\t\t\t\t<span class=\"elementor-button-content-wrapper\">\n\t\t\t\t\t\t\t\t\t<span class=\"elementor-button-text\">Participate &gt;<\/span>\n\t\t\t\t\t<\/span>\n\t\t\t\t\t<\/a>\n\t\t\t\t<\/div>\n\t\t\t\t\t\t\t\t<\/div>\n\t\t\t\t<\/div>\n\t\t\t\t<div class=\"elementor-element elementor-element-133cca4 elementor-widget-divider--view-line elementor-widget elementor-widget-divider\" data-id=\"133cca4\" data-element_type=\"widget\" data-e-type=\"widget\" data-widget_type=\"divider.default\">\n\t\t\t\t<div class=\"elementor-widget-container\">\n\t\t\t\t\t\t\t<div class=\"elementor-divider\">\n\t\t\t<span class=\"elementor-divider-separator\">\n\t\t\t\t\t\t<\/span>\n\t\t<\/div>\n\t\t\t\t\t\t<\/div>\n\t\t\t\t<\/div>\n\t\t\t\t\t<\/div>\n\t\t<\/div>\n\t\t\t\t\t<\/div>\n\t\t<\/section>\n\t\t\t\t<section class=\"elementor-section elementor-top-section elementor-element elementor-element-2bd7ae0 elementor-section-boxed elementor-section-height-default elementor-section-height-default\" data-id=\"2bd7ae0\" data-element_type=\"section\" data-e-type=\"section\">\n\t\t\t\t\t\t<div class=\"elementor-container elementor-column-gap-default\">\n\t\t\t\t\t<div class=\"elementor-column elementor-col-50 elementor-top-column elementor-element elementor-element-cb84543\" data-id=\"cb84543\" data-element_type=\"column\" data-e-type=\"column\">\n\t\t\t<div class=\"elementor-widget-wrap elementor-element-populated\">\n\t\t\t\t\t\t<div class=\"elementor-element elementor-element-106907c elementor-widget elementor-widget-image\" data-id=\"106907c\" data-element_type=\"widget\" data-e-type=\"widget\" data-widget_type=\"image.default\">\n\t\t\t\t<div class=\"elementor-widget-container\">\n\t\t\t\t\t\t\t\t\t\t\t\t\t\t\t<img decoding=\"async\" width=\"960\" height=\"720\" src=\"https:\/\/douleurquebec.ca\/wp-content\/uploads\/2025\/05\/FigAmy_English.jpg\" class=\"attachment-large size-large wp-image-9291\" alt=\"\" srcset=\"https:\/\/douleurquebec.ca\/wp-content\/uploads\/2025\/05\/FigAmy_English.jpg 960w, https:\/\/douleurquebec.ca\/wp-content\/uploads\/2025\/05\/FigAmy_English-300x225.jpg 300w, https:\/\/douleurquebec.ca\/wp-content\/uploads\/2025\/05\/FigAmy_English-768x576.jpg 768w\" sizes=\"(max-width: 960px) 100vw, 960px\">\t\t\t\t\t\t\t\t\t\t\t\t\t\t\t<\/div>\n\t\t\t\t<\/div>\n\t\t\t\t\t<\/div>\n\t\t<\/div>\n\t\t\t\t<div class=\"elementor-column elementor-col-50 elementor-top-column elementor-element elementor-element-ae24c93\" data-id=\"ae24c93\" data-element_type=\"column\" data-e-type=\"column\">\n\t\t\t<div class=\"elementor-widget-wrap elementor-element-populated\">\n\t\t\t\t\t\t<section class=\"elementor-section elementor-inner-section elementor-element elementor-element-d692eb0 elementor-section-boxed elementor-section-height-default elementor-section-height-default\" data-id=\"d692eb0\" data-element_type=\"section\" data-e-type=\"section\">\n\t\t\t\t\t\t<div class=\"elementor-container elementor-column-gap-default\">\n\t\t\t\t\t\t<\/div>\n\t\t<\/section>\n\t\t\t\t<div class=\"elementor-element elementor-element-271495b elementor-widget elementor-widget-heading\" data-id=\"271495b\" data-element_type=\"widget\" data-e-type=\"widget\" data-widget_type=\"heading.default\">\n\t\t\t\t<div class=\"elementor-widget-container\">\n\t\t\t\t\t<h2 class=\"elementor-heading-title elementor-size-default\">Turn your experience into knowledge<\/h2>\t\t\t\t<\/div>\n\t\t\t\t<\/div>\n\t\t\t\t<div class=\"elementor-element elementor-element-9a28003 elementor-widget elementor-widget-text-editor\" data-id=\"9a28003\" data-element_type=\"widget\" data-e-type=\"widget\" data-widget_type=\"text-editor.default\">\n\t\t\t\t<div class=\"elementor-widget-container\">\n\t\t\t\t\t\t\t\t\t<p class=\"MsoNormal\"><span lang=\"EN-CA\">A team of researchers is seeking to learn more about pain management among individuals who have completed their military service\u00a0<\/span><\/p><p>Take part in the COPE-V study to help improve care and treatment for veterans like you. You are eligible if:<\/p><ul><li>You are 18 years of age or older<\/li><li>You have been living with pain for more than 3 months<\/li><li>You can complete an online questionnaire<\/li><\/ul><p class=\"MsoNormal\"><span lang=\"EN-CA\">\ud83c\udf41\ud83c\udf96\ufe0fClick the button below to find out how to participate in this new study (available in English and French) and get a chance to win $100.<\/span><\/p>\t\t\t\t\t\t\t\t<\/div>\n\t\t\t\t<\/div>\n\t\t\t\t<div class=\"elementor-element elementor-element-51b6f28 elementor-align-center elementor-widget elementor-widget-button\" data-id=\"51b6f28\" data-element_type=\"widget\" data-e-type=\"widget\" data-widget_type=\"button.default\">\n\t\t\t\t<div class=\"elementor-widget-container\">\n\t\t\t\t\t\t\t\t\t<div class=\"elementor-button-wrapper\">\n\t\t\t\t\t<a class=\"elementor-button elementor-button-link elementor-size-sm\" href=\"https:\/\/redcap.link\/COPE-V_Landing\" target=\"_blank\" rel=\"noopener\">\n\t\t\t\t\t\t<span class=\"elementor-button-content-wrapper\">\n\t\t\t\t\t\t\t\t\t<span class=\"elementor-button-text\">Participate &gt;<\/span>\n\t\t\t\t\t<\/span>\n\t\t\t\t\t<\/a>\n\t\t\t\t<\/div>\n\t\t\t\t\t\t\t\t<\/div>\n\t\t\t\t<\/div>\n\t\t\t\t\t<\/div>\n\t\t<\/div>\n\t\t\t\t\t<\/div>\n\t\t<\/section>\n\t\t\t\t<section class=\"elementor-section elementor-top-section elementor-element elementor-element-1ccbb8f elementor-section-boxed elementor-section-height-default elementor-section-height-default\" data-id=\"1ccbb8f\" data-element_type=\"section\" data-e-type=\"section\">\n\t\t\t\t\t\t<div class=\"elementor-container elementor-column-gap-default\">\n\t\t\t\t\t<div class=\"elementor-column elementor-col-100 elementor-top-column elementor-element elementor-element-ee30fe1\" data-id=\"ee30fe1\" data-element_type=\"column\" data-e-type=\"column\">\n\t\t\t<div class=\"elementor-widget-wrap elementor-element-populated\">\n\t\t\t\t\t\t<div class=\"elementor-element elementor-element-061ed91 elementor-widget-divider--view-line elementor-widget elementor-widget-divider\" data-id=\"061ed91\" data-element_type=\"widget\" data-e-type=\"widget\" data-widget_type=\"divider.default\">\n\t\t\t\t<div class=\"elementor-widget-container\">\n\t\t\t\t\t\t\t<div class=\"elementor-divider\">\n\t\t\t<span class=\"elementor-divider-separator\">\n\t\t\t\t\t\t<\/span>\n\t\t<\/div>\n\t\t\t\t\t\t<\/div>\n\t\t\t\t<\/div>\n\t\t\t\t\t<\/div>\n\t\t<\/div>\n\t\t\t\t\t<\/div>\n\t\t<\/section>\n\t\t\t\t<section class=\"elementor-section elementor-top-section elementor-element elementor-element-332ba01 elementor-section-boxed elementor-section-height-default elementor-section-height-default\" data-id=\"332ba01\" data-element_type=\"section\" data-e-type=\"section\">\n\t\t\t\t\t\t<div class=\"elementor-container elementor-column-gap-default\">\n\t\t\t\t\t<div class=\"elementor-column elementor-col-100 elementor-top-column elementor-element elementor-element-b05eb0c\" data-id=\"b05eb0c\" data-element_type=\"column\" data-e-type=\"column\">\n\t\t\t<div class=\"elementor-widget-wrap elementor-element-populated\">\n\t\t\t\t\t\t<div class=\"elementor-element elementor-element-7f1823f elementor-widget elementor-widget-image\" data-id=\"7f1823f\" data-element_type=\"widget\" data-e-type=\"widget\" data-widget_type=\"image.default\">\n\t\t\t\t<div class=\"elementor-widget-container\">\n\t\t\t\t\t\t\t\t\t\t\t\t\t\t\t<img loading=\"lazy\" decoding=\"async\" width=\"1024\" height=\"1024\" src=\"https:\/\/douleurquebec.ca\/wp-content\/uploads\/2024\/10\/Affiche_pour_diffusion-1-1024x1024.jpg\" class=\"attachment-large size-large wp-image-7356\" alt=\"\" srcset=\"https:\/\/douleurquebec.ca\/wp-content\/uploads\/2024\/10\/Affiche_pour_diffusion-1-1024x1024.jpg 1024w, https:\/\/douleurquebec.ca\/wp-content\/uploads\/2024\/10\/Affiche_pour_diffusion-1-300x300.jpg 300w, https:\/\/douleurquebec.ca\/wp-content\/uploads\/2024\/10\/Affiche_pour_diffusion-1-150x150.jpg 150w, https:\/\/douleurquebec.ca\/wp-content\/uploads\/2024\/10\/Affiche_pour_diffusion-1-768x768.jpg 768w, https:\/\/douleurquebec.ca\/wp-content\/uploads\/2024\/10\/Affiche_pour_diffusion-1-1536x1536.jpg 1536w, https:\/\/douleurquebec.ca\/wp-content\/uploads\/2024\/10\/Affiche_pour_diffusion-1-500x500.jpg 500w, https:\/\/douleurquebec.ca\/wp-content\/uploads\/2024\/10\/Affiche_pour_diffusion-1.jpg 2000w\" sizes=\"(max-width: 1024px) 100vw, 1024px\">\t\t\t\t\t\t\t\t\t\t\t\t\t\t\t<\/div>\n\t\t\t\t<\/div>\n\t\t\t\t<div class=\"elementor-element elementor-element-5b0591b elementor-widget-divider--view-line elementor-widget elementor-widget-divider\" data-id=\"5b0591b\" data-element_type=\"widget\" data-e-type=\"widget\" data-widget_type=\"divider.default\">\n\t\t\t\t<div class=\"elementor-widget-container\">\n\t\t\t\t\t\t\t<div class=\"elementor-divider\">\n\t\t\t<span class=\"elementor-divider-separator\">\n\t\t\t\t\t\t<\/span>\n\t\t<\/div>\n\t\t\t\t\t\t<\/div>\n\t\t\t\t<\/div>\n\t\t\t\t<div class=\"elementor-element elementor-element-760968a elementor-align-center elementor-widget elementor-widget-button\" data-id=\"760968a\" data-element_type=\"widget\" data-e-type=\"widget\" data-widget_type=\"button.default\">\n\t\t\t\t<div class=\"elementor-widget-container\">\n\t\t\t\t\t\t\t\t\t<div class=\"elementor-button-wrapper\">\n\t\t\t\t\t<a class=\"elementor-button elementor-button-link elementor-size-sm\" href=\"http:\/\/&#119;&#119;&#119;&#46;&#x6c;&#x61;&#x62;&#x2e;&#x61;pp&#114;&#101;&#110;&#116;&#x69;&#x73;&#x73;&#x61;&#x67;e&#46;&#100;&#111;&#117;&#108;&#x65;&#x75;&#x72;&#x40;&#x63;irr&#105;&#115;&#46;&#x75;&#x6c;&#x61;&#x76;&#x61;l&#46;c&#97;\" target=\"_blank\" rel=\"noopener\">\n\t\t\t\t\t\t<span class=\"elementor-button-content-wrapper\">\n\t\t\t\t\t\t\t\t\t<span class=\"elementor-button-text\">Pour participer<\/span>\n\t\t\t\t\t<\/span>\n\t\t\t\t\t<\/a>\n\t\t\t\t<\/div>\n\t\t\t\t\t\t\t\t<\/div>\n\t\t\t\t<\/div>\n\t\t\t\t<div class=\"elementor-element elementor-element-240eaeb elementor-widget-divider--view-line elementor-widget elementor-widget-divider\" data-id=\"240eaeb\" data-element_type=\"widget\" data-e-type=\"widget\" data-widget_type=\"divider.default\">\n\t\t\t\t<div class=\"elementor-widget-container\">\n\t\t\t\t\t\t\t<div class=\"elementor-divider\">\n\t\t\t<span class=\"elementor-divider-separator\">\n\t\t\t\t\t\t<\/span>\n\t\t<\/div>\n\t\t\t\t\t\t<\/div>\n\t\t\t\t<\/div>\n\t\t\t\t<div class=\"elementor-element elementor-element-9d27c93 elementor-widget-divider--view-line elementor-widget elementor-widget-divider\" data-id=\"9d27c93\" data-element_type=\"widget\" data-e-type=\"widget\" data-widget_type=\"divider.default\">\n\t\t\t\t<div class=\"elementor-widget-container\">\n\t\t\t\t\t\t\t<div class=\"elementor-divider\">\n\t\t\t<span class=\"elementor-divider-separator\">\n\t\t\t\t\t\t<\/span>\n\t\t<\/div>\n\t\t\t\t\t\t<\/div>\n\t\t\t\t<\/div>\n\t\t\t\t\t<\/div>\n\t\t<\/div>\n\t\t\t\t\t<\/div>\n\t\t<\/section>\n\t\t\t\t<section class=\"elementor-section elementor-top-section elementor-element elementor-element-3c3b63aa elementor-section-content-middle elementor-section-boxed elementor-section-height-default elementor-section-height-default\" data-id=\"3c3b63aa\" data-element_type=\"section\" data-e-type=\"section\">\n\t\t\t\t\t\t<div class=\"elementor-container elementor-column-gap-default\">\n\t\t\t\t\t<div class=\"elementor-column elementor-col-100 elementor-top-column elementor-element elementor-element-65f185a\" data-id=\"65f185a\" data-element_type=\"column\" data-e-type=\"column\">\n\t\t\t<div class=\"elementor-widget-wrap\">\n\t\t\t\t\t\t\t<\/div>\n\t\t<\/div>\n\t\t\t\t\t<\/div>\n\t\t<\/section>\n\t\t\t\t<section class=\"elementor-section elementor-top-section elementor-element elementor-element-4430fb9 elementor-section-boxed elementor-section-height-default elementor-section-height-default\" data-id=\"4430fb9\" data-element_type=\"section\" data-e-type=\"section\">\n\t\t\t\t\t\t<div class=\"elementor-container elementor-column-gap-default\">\n\t\t\t\t\t\t<\/div>\n\t\t<\/section>\n\t\t\t\t<section class=\"elementor-section elementor-top-section elementor-element elementor-element-7ef2762 elementor-section-boxed elementor-section-height-default elementor-section-height-default\" data-id=\"7ef2762\" data-element_type=\"section\" data-e-type=\"section\">\n\t\t\t\t\t\t<div class=\"elementor-container elementor-column-gap-default\">\n\t\t\t\t\t\t<\/div>\n\t\t<\/section>\n\t\t\t\t<section class=\"elementor-section elementor-top-section elementor-element elementor-element-af4be96 elementor-section-boxed elementor-section-height-default elementor-section-height-default\" data-id=\"af4be96\" data-element_type=\"section\" data-e-type=\"section\">\n\t\t\t\t\t\t<div class=\"elementor-container elementor-column-gap-default\">\n\t\t\t\t\t<div class=\"elementor-column elementor-col-66 elementor-top-column elementor-element elementor-element-53227d9\" data-id=\"53227d9\" data-element_type=\"column\" data-e-type=\"column\">\n\t\t\t<div class=\"elementor-widget-wrap elementor-element-populated\">\n\t\t\t\t\t\t<div class=\"elementor-element elementor-element-5107915 elementor-widget elementor-widget-image\" data-id=\"5107915\" data-element_type=\"widget\" data-e-type=\"widget\" data-widget_type=\"image.default\">\n\t\t\t\t<div class=\"elementor-widget-container\">\n\t\t\t\t\t\t\t\t\t\t\t\t\t\t\t<img loading=\"lazy\" decoding=\"async\" width=\"1024\" height=\"578\" src=\"https:\/\/douleurquebec.ca\/wp-content\/uploads\/2024\/10\/UQTR_Aide-a-mourir-1024x578.png\" class=\"attachment-large size-large wp-image-6570\" alt=\"\" srcset=\"https:\/\/douleurquebec.ca\/wp-content\/uploads\/2024\/10\/UQTR_Aide-a-mourir-1024x578.png 1024w, https:\/\/douleurquebec.ca\/wp-content\/uploads\/2024\/10\/UQTR_Aide-a-mourir-300x169.png 300w, https:\/\/douleurquebec.ca\/wp-content\/uploads\/2024\/10\/UQTR_Aide-a-mourir-768x434.png 768w, https:\/\/douleurquebec.ca\/wp-content\/uploads\/2024\/10\/UQTR_Aide-a-mourir.png 1280w\" sizes=\"(max-width: 1024px) 100vw, 1024px\">\t\t\t\t\t\t\t\t\t\t\t\t\t\t\t<\/div>\n\t\t\t\t<\/div>\n\t\t\t\t\t<\/div>\n\t\t<\/div>\n\t\t\t\t<div class=\"elementor-column elementor-col-33 elementor-top-column elementor-element elementor-element-72eba98\" data-id=\"72eba98\" data-element_type=\"column\" data-e-type=\"column\">\n\t\t\t<div class=\"elementor-widget-wrap elementor-element-populated\">\n\t\t\t\t\t\t<div class=\"elementor-element elementor-element-a7c532a elementor-widget elementor-widget-text-editor\" data-id=\"a7c532a\" data-element_type=\"widget\" data-e-type=\"widget\" data-widget_type=\"text-editor.default\">\n\t\t\t\t<div class=\"elementor-widget-container\">\n\t\t\t\t\t\t\t\t\t<p><span style=\"font-weight: 400;\">Participez \u00e0 ce projet de recherche de l&#8217;Universit\u00e9 du Qu\u00e9bec \u00e0 Trois-Rivi\u00e8res sur les facteurs qui influencent l&#8217;attitude des personnes \u00e2g\u00e9es atteintes de douleur chronique \u00e0 l&#8217;\u00e9gard de l&#8217;aide m\u00e9dicale \u00e0 mourir.<\/span><\/p><ul><li><strong>\u00catre \u00e2g\u00e9(e) de 65 ans ou plus<\/strong><\/li><li><strong>Vivre avec la douleur chronique<\/strong><\/li><\/ul><p>Le questionnaire prend environ 20 minutes \u00e0 compl\u00e9ter.<\/p>\t\t\t\t\t\t\t\t<\/div>\n\t\t\t\t<\/div>\n\t\t\t\t<div class=\"elementor-element elementor-element-73f3419 elementor-align-center elementor-widget elementor-widget-button\" data-id=\"73f3419\" data-element_type=\"widget\" data-e-type=\"widget\" data-widget_type=\"button.default\">\n\t\t\t\t<div class=\"elementor-widget-container\">\n\t\t\t\t\t\t\t\t\t<div class=\"elementor-button-wrapper\">\n\t\t\t\t\t<a class=\"elementor-button elementor-button-link elementor-size-sm\" href=\"http:\/\/www.uqtr.ca\/questionnaire-amm-douleur\" target=\"_blank\" rel=\"noopener\">\n\t\t\t\t\t\t<span class=\"elementor-button-content-wrapper\">\n\t\t\t\t\t\t\t\t\t<span class=\"elementor-button-text\">Compl\u00e9ter le questionnaire<\/span>\n\t\t\t\t\t<\/span>\n\t\t\t\t\t<\/a>\n\t\t\t\t<\/div>\n\t\t\t\t\t\t\t\t<\/div>\n\t\t\t\t<\/div>\n\t\t\t\t<div class=\"elementor-element elementor-element-e19d870 elementor-align-center elementor-widget elementor-widget-button\" data-id=\"e19d870\" data-element_type=\"widget\" data-e-type=\"widget\" data-widget_type=\"button.default\">\n\t\t\t\t<div class=\"elementor-widget-container\">\n\t\t\t\t\t\t\t\t\t<div class=\"elementor-button-wrapper\">\n\t\t\t\t\t<a class=\"elementor-button elementor-button-link elementor-size-sm\" href=\"https:\/\/douleurquebec.ca\/wp-content\/uploads\/2024\/10\/Retrutement_projet-recherche_UQTR.pdf\">\n\t\t\t\t\t\t<span class=\"elementor-button-content-wrapper\">\n\t\t\t\t\t\t\t\t\t<span class=\"elementor-button-text\">T\u00e9l\u00e9charger le document<\/span>\n\t\t\t\t\t<\/span>\n\t\t\t\t\t<\/a>\n\t\t\t\t<\/div>\n\t\t\t\t\t\t\t\t<\/div>\n\t\t\t\t<\/div>\n\t\t\t\t\t<\/div>\n\t\t<\/div>\n\t\t\t\t\t<\/div>\n\t\t<\/section>\n\t\t\t\t<\/div>\n\t\t","protected":false},"excerpt":{"rendered":"<p>Participate &gt; Turn your experience into knowledge A team of researchers is seeking to learn more about pain management among individuals who have completed their military service\u00a0 Take part in the COPE-V study to help improve care and treatment for veterans like you. You are eligible if: You are 18 years of age or older [&hellip;]<\/p>\n","protected":false},"author":3,"featured_media":0,"parent":0,"menu_order":0,"comment_status":"closed","ping_status":"closed","template":"elementor_header_footer","meta":{"_acf_changed":false,"footnotes":""},"class_list":["post-8672","page","type-page","status-publish","hentry"],"acf":[],"_links":{"self":[{"href":"https:\/\/douleurquebec.ca\/en\/wp-json\/wp\/v2\/pages\/8672","targetHints":{"allow":["GET"]}}],"collection":[{"href":"https:\/\/douleurquebec.ca\/en\/wp-json\/wp\/v2\/pages"}],"about":[{"href":"https:\/\/douleurquebec.ca\/en\/wp-json\/wp\/v2\/types\/page"}],"author":[{"embeddable":true,"href":"https:\/\/douleurquebec.ca\/en\/wp-json\/wp\/v2\/users\/3"}],"replies":[{"embeddable":true,"href":"https:\/\/douleurquebec.ca\/en\/wp-json\/wp\/v2\/comments?post=8672"}],"version-history":[{"count":10,"href":"https:\/\/douleurquebec.ca\/en\/wp-json\/wp\/v2\/pages\/8672\/revisions"}],"predecessor-version":[{"id":9307,"href":"https:\/\/douleurquebec.ca\/en\/wp-json\/wp\/v2\/pages\/8672\/revisions\/9307"}],"wp:attachment":[{"href":"https:\/\/douleurquebec.ca\/en\/wp-json\/wp\/v2\/media?parent=8672"}],"curies":[{"name":"wp","href":"https:\/\/api.w.org\/{rel}","templated":true}]}}